{"id":1017,"date":"2020-01-25T11:51:17","date_gmt":"2020-01-25T10:51:17","guid":{"rendered":"https:\/\/yachting-photo.com\/shop\/?page_id=1017"},"modified":"2020-01-25T11:58:06","modified_gmt":"2020-01-25T10:58:06","slug":"legal-disclosure","status":"publish","type":"page","link":"https:\/\/yachting-photo.com\/shop\/legal-disclosure\/?lang=en","title":{"rendered":"Legal Disclosure"},"content":{"rendered":"\n<br>\n<br>\n<h1>Impressum<\/h1>\n<br>\n<h2>Angaben gem\u00e4\u00df \u00a7 5 TMG<\/h2>\n<p>J\u00f6ran Bubke<br>Yachting-Photo<br>\nFerdinand-Wallbrecht-Stra\u00dfe 64<br>\n30163 Hannover<br>Deutschland<\/p>\n\n<h2>Kontakt<\/h2>\n<p>Telefon: 01799079748<br>\nE-Mail: <a href=\"mailto:jb.yachting@icloud.com\">jb.yachting@icloud.com<\/a><\/p>\n\n<h3>Haftung f\u00fcr Inhalte<\/h3> <p>Als Diensteanbieter sind wir gem\u00e4\u00df \u00a7 7 Abs.1 TMG f\u00fcr eigene Inhalte auf diesen Seiten nach den allgemeinen Gesetzen verantwortlich. Nach \u00a7\u00a7 8 bis 10 TMG sind wir als Diensteanbieter jedoch nicht verpflichtet, \u00fcbermittelte oder gespeicherte fremde Informationen zu \u00fcberwachen oder nach Umst\u00e4nden zu forschen, die auf eine rechtswidrige T\u00e4tigkeit hinweisen.<\/p> <p>Verpflichtungen zur Entfernung oder Sperrung der Nutzung von Informationen nach den allgemeinen Gesetzen bleiben hiervon unber\u00fchrt. Eine diesbez\u00fcgliche Haftung ist jedoch erst ab dem Zeitpunkt der Kenntnis einer konkreten Rechtsverletzung m\u00f6glich. Bei Bekanntwerden von entsprechenden Rechtsverletzungen werden wir diese Inhalte umgehend entfernen.<\/p> <h3>Haftung f\u00fcr Links<\/h3> <p>Unser Angebot enth\u00e4lt Links zu externen Websites Dritter, auf deren Inhalte wir keinen Einfluss haben. Deshalb k\u00f6nnen wir f\u00fcr diese fremden Inhalte auch keine Gew\u00e4hr \u00fcbernehmen. F\u00fcr die Inhalte der verlinkten Seiten ist stets der jeweilige Anbieter oder Betreiber der Seiten verantwortlich. Die verlinkten Seiten wurden zum Zeitpunkt der Verlinkung auf m\u00f6gliche Rechtsverst\u00f6\u00dfe \u00fcberpr\u00fcft. Rechtswidrige Inhalte waren zum Zeitpunkt der Verlinkung nicht erkennbar.<\/p> <p>Eine permanente inhaltliche Kontrolle der verlinkten Seiten ist jedoch ohne konkrete Anhaltspunkte einer Rechtsverletzung nicht zumutbar. Bei Bekanntwerden von Rechtsverletzungen werden wir derartige Links umgehend entfernen.<\/p> <h3>Urheberrecht<\/h3> <p>Die durch die Seitenbetreiber erstellten Inhalte und Werke auf diesen Seiten unterliegen dem deutschen Urheberrecht. Die Vervielf\u00e4ltigung, Bearbeitung, Verbreitung und jede Art der Verwertung au\u00dferhalb der Grenzen des Urheberrechtes bed\u00fcrfen der schriftlichen Zustimmung des jeweiligen Autors bzw. Erstellers. Downloads und Kopien dieser Seite sind nur f\u00fcr den privaten, nicht kommerziellen Gebrauch gestattet.<\/p> <p>Soweit die Inhalte auf dieser Seite nicht vom Betreiber erstellt wurden, werden die Urheberrechte Dritter beachtet. Insbesondere werden Inhalte Dritter als solche gekennzeichnet. Sollten Sie trotzdem auf eine Urheberrechtsverletzung aufmerksam werden, bitten wir um einen entsprechenden Hinweis. Bei Bekanntwerden von Rechtsverletzungen werden wir derartige Inhalte umgehend entfernen.<\/p>\n<p>S\u00e4mtliche Informationen und Grafiken\/Bilder auf den Webseiten sind urheberrechtlich gesch\u00fctzt und d\u00fcrfen nicht kopiert oder ver\u00e4ndert werden. Fotos, Grafiken und Filme d\u00fcrfen, soweit nicht anders angegeben, nur mit dem Quellennachweis \u201e\u00a9 J\u00f6ran Bubke Photography\u201c in Medien vervielf\u00e4ltigt oder verbreitet werden. J\u00f6ran Bubke bittet bei Verwendung der Informationen oder Bilder um einen Beleg des gedruckten, vertonten oder gefilmten Beitrags.<\/p>\n<p>Quelle: <a href=\"https:\/\/www.e-recht24.de\">eRecht24<\/a><\/p>\n","protected":false},"excerpt":{"rendered":"<p>Impressum Angaben gem\u00e4\u00df \u00a7 5 TMG J\u00f6ran BubkeYachting-Photo Ferdinand-Wallbrecht-Stra\u00dfe 64 30163 HannoverDeutschland Kontakt Telefon: 01799079748 E-Mail: jb.yachting@icloud.com Haftung f\u00fcr Inhalte Als Diensteanbieter sind wir gem\u00e4\u00df \u00a7 7 Abs.1 TMG f\u00fcr eigene Inhalte auf diesen Seiten nach den allgemeinen Gesetzen verantwortlich. Nach \u00a7\u00a7 8 bis 10 TMG sind wir als Diensteanbieter jedoch nicht verpflichtet, \u00fcbermittelte oder [&#8230;]\n","protected":false},"author":3,"featured_media":0,"parent":0,"menu_order":0,"comment_status":"closed","ping_status":"closed","template":"","meta":{"footnotes":""},"class_list":["post-1017","page","type-page","status-publish","hentry"],"yoast_head":"<!-- This site is optimized with the Yoast SEO plugin v27.4 - https:\/\/yoast.com\/product\/yoast-seo-wordpress\/ -->\n<title>Legal Disclosure - Yachting-Photo | Shop<\/title>\n<meta name=\"robots\" content=\"index, follow, max-snippet:-1, max-image-preview:large, max-video-preview:-1\" \/>\n<link rel=\"canonical\" href=\"https:\/\/yachting-photo.com\/shop\/legal-disclosure\/\" \/>\n<meta property=\"og:locale\" content=\"de_DE\" \/>\n<meta property=\"og:type\" content=\"article\" \/>\n<meta property=\"og:title\" content=\"Legal Disclosure - Yachting-Photo | Shop\" \/>\n<meta property=\"og:description\" content=\"Impressum Angaben gem\u00e4\u00df \u00a7 5 TMG J\u00f6ran BubkeYachting-Photo Ferdinand-Wallbrecht-Stra\u00dfe 64 30163 HannoverDeutschland Kontakt Telefon: 01799079748 E-Mail: jb.yachting@icloud.com Haftung f\u00fcr Inhalte Als Diensteanbieter sind wir gem\u00e4\u00df \u00a7 7 Abs.1 TMG f\u00fcr eigene Inhalte auf diesen Seiten nach den allgemeinen Gesetzen verantwortlich. Nach \u00a7\u00a7 8 bis 10 TMG sind wir als Diensteanbieter jedoch nicht verpflichtet, \u00fcbermittelte oder [...]\" \/>\n<meta property=\"og:url\" content=\"https:\/\/yachting-photo.com\/shop\/legal-disclosure\/?lang=en\" \/>\n<meta property=\"og:site_name\" content=\"Yachting-Photo | Shop\" \/>\n<meta property=\"article:modified_time\" content=\"2020-01-25T10:58:06+00:00\" \/>\n<meta name=\"twitter:card\" content=\"summary_large_image\" \/>\n<meta name=\"twitter:label1\" content=\"Gesch\u00e4tzte Lesezeit\" \/>\n\t<meta name=\"twitter:data1\" content=\"2\u00a0Minuten\" \/>\n<script type=\"application\/ld+json\" class=\"yoast-schema-graph\">{\"@context\":\"https:\\\/\\\/schema.org\",\"@graph\":[{\"@type\":\"WebPage\",\"@id\":\"https:\\\/\\\/yachting-photo.com\\\/shop\\\/legal-disclosure\\\/?lang=en\",\"url\":\"https:\\\/\\\/yachting-photo.com\\\/shop\\\/legal-disclosure\\\/?lang=en\",\"name\":\"Legal Disclosure - Yachting-Photo | Shop\",\"isPartOf\":{\"@id\":\"https:\\\/\\\/yachting-photo.com\\\/shop\\\/#website\"},\"datePublished\":\"2020-01-25T10:51:17+00:00\",\"dateModified\":\"2020-01-25T10:58:06+00:00\",\"breadcrumb\":{\"@id\":\"https:\\\/\\\/yachting-photo.com\\\/shop\\\/legal-disclosure\\\/?lang=en#breadcrumb\"},\"inLanguage\":\"de\",\"potentialAction\":[{\"@type\":\"ReadAction\",\"target\":[\"https:\\\/\\\/yachting-photo.com\\\/shop\\\/legal-disclosure\\\/?lang=en\"]}]},{\"@type\":\"BreadcrumbList\",\"@id\":\"https:\\\/\\\/yachting-photo.com\\\/shop\\\/legal-disclosure\\\/?lang=en#breadcrumb\",\"itemListElement\":[{\"@type\":\"ListItem\",\"position\":1,\"name\":\"Startseite\",\"item\":\"https:\\\/\\\/yachting-photo.com\\\/shop\\\/\"},{\"@type\":\"ListItem\",\"position\":2,\"name\":\"Legal Disclosure\"}]},{\"@type\":\"WebSite\",\"@id\":\"https:\\\/\\\/yachting-photo.com\\\/shop\\\/#website\",\"url\":\"https:\\\/\\\/yachting-photo.com\\\/shop\\\/\",\"name\":\"Yachting-Photo | Shop\",\"description\":\"Yachting-Photo Shop\",\"potentialAction\":[{\"@type\":\"SearchAction\",\"target\":{\"@type\":\"EntryPoint\",\"urlTemplate\":\"https:\\\/\\\/yachting-photo.com\\\/shop\\\/?s={search_term_string}\"},\"query-input\":{\"@type\":\"PropertyValueSpecification\",\"valueRequired\":true,\"valueName\":\"search_term_string\"}}],\"inLanguage\":\"de\"}]}<\/script>\n<!-- \/ Yoast SEO plugin. -->","yoast_head_json":{"title":"Legal Disclosure - Yachting-Photo | Shop","robots":{"index":"index","follow":"follow","max-snippet":"max-snippet:-1","max-image-preview":"max-image-preview:large","max-video-preview":"max-video-preview:-1"},"canonical":"https:\/\/yachting-photo.com\/shop\/legal-disclosure\/","og_locale":"de_DE","og_type":"article","og_title":"Legal Disclosure - Yachting-Photo | Shop","og_description":"Impressum Angaben gem\u00e4\u00df \u00a7 5 TMG J\u00f6ran BubkeYachting-Photo Ferdinand-Wallbrecht-Stra\u00dfe 64 30163 HannoverDeutschland Kontakt Telefon: 01799079748 E-Mail: jb.yachting@icloud.com Haftung f\u00fcr Inhalte Als Diensteanbieter sind wir gem\u00e4\u00df \u00a7 7 Abs.1 TMG f\u00fcr eigene Inhalte auf diesen Seiten nach den allgemeinen Gesetzen verantwortlich. Nach \u00a7\u00a7 8 bis 10 TMG sind wir als Diensteanbieter jedoch nicht verpflichtet, \u00fcbermittelte oder [...]","og_url":"https:\/\/yachting-photo.com\/shop\/legal-disclosure\/?lang=en","og_site_name":"Yachting-Photo | Shop","article_modified_time":"2020-01-25T10:58:06+00:00","twitter_card":"summary_large_image","twitter_misc":{"Gesch\u00e4tzte Lesezeit":"2\u00a0Minuten"},"schema":{"@context":"https:\/\/schema.org","@graph":[{"@type":"WebPage","@id":"https:\/\/yachting-photo.com\/shop\/legal-disclosure\/?lang=en","url":"https:\/\/yachting-photo.com\/shop\/legal-disclosure\/?lang=en","name":"Legal Disclosure - Yachting-Photo | Shop","isPartOf":{"@id":"https:\/\/yachting-photo.com\/shop\/#website"},"datePublished":"2020-01-25T10:51:17+00:00","dateModified":"2020-01-25T10:58:06+00:00","breadcrumb":{"@id":"https:\/\/yachting-photo.com\/shop\/legal-disclosure\/?lang=en#breadcrumb"},"inLanguage":"de","potentialAction":[{"@type":"ReadAction","target":["https:\/\/yachting-photo.com\/shop\/legal-disclosure\/?lang=en"]}]},{"@type":"BreadcrumbList","@id":"https:\/\/yachting-photo.com\/shop\/legal-disclosure\/?lang=en#breadcrumb","itemListElement":[{"@type":"ListItem","position":1,"name":"Startseite","item":"https:\/\/yachting-photo.com\/shop\/"},{"@type":"ListItem","position":2,"name":"Legal Disclosure"}]},{"@type":"WebSite","@id":"https:\/\/yachting-photo.com\/shop\/#website","url":"https:\/\/yachting-photo.com\/shop\/","name":"Yachting-Photo | Shop","description":"Yachting-Photo Shop","potentialAction":[{"@type":"SearchAction","target":{"@type":"EntryPoint","urlTemplate":"https:\/\/yachting-photo.com\/shop\/?s={search_term_string}"},"query-input":{"@type":"PropertyValueSpecification","valueRequired":true,"valueName":"search_term_string"}}],"inLanguage":"de"}]}},"jetpack_sharing_enabled":true,"_links":{"self":[{"href":"https:\/\/yachting-photo.com\/shop\/wp-json\/wp\/v2\/pages\/1017","targetHints":{"allow":["GET"]}}],"collection":[{"href":"https:\/\/yachting-photo.com\/shop\/wp-json\/wp\/v2\/pages"}],"about":[{"href":"https:\/\/yachting-photo.com\/shop\/wp-json\/wp\/v2\/types\/page"}],"author":[{"embeddable":true,"href":"https:\/\/yachting-photo.com\/shop\/wp-json\/wp\/v2\/users\/3"}],"replies":[{"embeddable":true,"href":"https:\/\/yachting-photo.com\/shop\/wp-json\/wp\/v2\/comments?post=1017"}],"version-history":[{"count":2,"href":"https:\/\/yachting-photo.com\/shop\/wp-json\/wp\/v2\/pages\/1017\/revisions"}],"predecessor-version":[{"id":1019,"href":"https:\/\/yachting-photo.com\/shop\/wp-json\/wp\/v2\/pages\/1017\/revisions\/1019"}],"wp:attachment":[{"href":"https:\/\/yachting-photo.com\/shop\/wp-json\/wp\/v2\/media?parent=1017"}],"curies":[{"name":"wp","href":"https:\/\/api.w.org\/{rel}","templated":true}]}}