{"id":1023,"date":"2020-01-25T12:02:11","date_gmt":"2020-01-25T11:02:11","guid":{"rendered":"https:\/\/yachting-photo.com\/shop\/?page_id=1023"},"modified":"2020-01-25T12:02:13","modified_gmt":"2020-01-25T11:02:13","slug":"return-revocation","status":"publish","type":"page","link":"https:\/\/yachting-photo.com\/shop\/return-revocation\/?lang=en","title":{"rendered":"Return &#038; Revocation"},"content":{"rendered":"<p><br>\n<br>\n<!--StartFragment--><\/p>\n\n\n<p>Widerrufsrecht f\u00fcr Verbraucher bei Fernabsatzvertr\u00e4gen<\/p>\n\n\n\n<p>(Verbraucher ist jede nat\u00fcrliche Person, die ein Rechtsgesch\u00e4ft zu Zwecken abschlie\u00dft, die \u00fcberwiegend weder Ihrer gewerblichen noch ihrer selbstst\u00e4ndigen beruflichen T\u00e4tigkeit zugerechnet werden k\u00f6nnen.)<\/p>\n\n\n\n<p>Widerrufsbelehrung<\/p>\n\n\n\n<p>Sie haben das Recht, binnen vierzehn Tagen ohne Angabe von Gr\u00fcnden diesen Vertrag zu widerrufen.<\/p>\n\n\n\n<p>Die Widerrufsfrist betr\u00e4gt vierzehn Tage ab dem Tag an dem Sie oder ein von Ihnen benannter Dritter, der nicht der Bef\u00f6rderer ist, die Waren in Besitz genommen haben bzw. hat. Im Falle eines Vertrages zur regelm\u00e4\u00dfigen Lieferung von Waren (z.B. Abonnement-Vertr\u00e4ge) \u00fcber einen festgelegten Zeitraum hinweg, beginnt die Widerrufsfrist an dem Tag an dem Sie oder ein von Ihnen benannter Dritter, der nicht Bef\u00f6rderer ist, die erste Ware in Besitz genommen haben bzw. hat.<\/p>\n\n\n\n<p>Um Ihr Widerrufsrecht auszu\u00fcben, m\u00fcssen Sie mir (J\u00f6ran Bubke,&nbsp;<a href=\"mailto:jb.yachting@icloud.com\" target=\"_blank\" rel=\"noreferrer noopener\">E-Mail: jb.yachting@icloud.com<\/a>) mittels einer eindeutigen Erkl\u00e4rung per E-Mail \u00fcber Ihren Entschluss, diesen Vertrag zu widerrufen, informieren. Machen Sie von dieser M\u00f6glichkeit Gebrauch, so werden wir Ihnen unverz\u00fcglich (z.B. per E-Mail) eine Best\u00e4tigung \u00fcber den Eingang eines solchen Widerrufs \u00fcbermitteln. Zur Wahrung der Widerrufsfrist reicht es aus, dass Sie die Mitteilung \u00fcber die Aus\u00fcbung des Widerrufsrechts vor Ablauf der Widerrufsfrist absenden.<\/p>\n\n\n\n<p>Folgen des Widerrufs<\/p>\n\n\n\n<p>Wenn Sie diesen Vertrag widerrufen, haben wir Ihnen alle Zahlungen, die wir von Ihnen erhalten haben, unverz\u00fcglich und sp\u00e4testens binnen vierzehn Tagen ab dem Tag zur\u00fcckzuzahlen, an dem die Mitteilung \u00fcber Ihren Widerruf dieses Vertrags bei uns eingegangen ist. F\u00fcr diese R\u00fcckzahlung verwenden wir dasselbe Zahlungsmittel, das Sie bei der urspr\u00fcnglichen Transaktion eingesetzt haben, es sei denn, mit Ihnen wurde ausdr\u00fccklich etwas anderes vereinbart; in keinem Fall werden Ihnen wegen dieser R\u00fcckzahlung Entgelte berechnet.&nbsp;<br class=\"\">Wir k\u00f6nnen die R\u00fcckzahlung verweigern, bis wir die Waren wieder zur\u00fcckerhalten haben oder bis Sie den Nachweis erbracht haben, dass Sie die Waren zur\u00fcckgesandt haben, je nachdem, welches der fr\u00fchere Zeitpunkt ist. Sie haben die Waren unverz\u00fcglich und in jedem Fall sp\u00e4testens binnen vierzehn Tagen ab dem Tag, an dem Sie uns \u00fcber den Widerruf dieses Vertrages unterrichten, an uns zur\u00fcckzusenden oder zu \u00fcbergeben. Die Frist ist gewahrt, wenn Sie die Waren vor Ablauf der Frist von vierzehn Tagen absenden. Ausgenommen von der R\u00fccksendepflicht sind empfangene Zeitschriften. Sie haben die regelm\u00e4\u00dfigen Kosten der R\u00fccksendung zu tragen. Sie m\u00fcssen f\u00fcr einen etwaigen Wertverlust der Waren nur aufkommen, wenn dieser Wertverlust auf einen zur Pr\u00fcfung der Beschaffenheit, Eigenschaften und Funktionsweise der Waren nicht notwendigen Umgang mit ihnen zur\u00fcckzuf\u00fchren ist.<\/p>\n\n\n\n<p>Ausschluss des Widerrufsrechtes<\/p>\n\n\n\n<p>Das Widerrufsrecht besteht nicht bei Vertr\u00e4gen<\/p>\n\n\n\n<ul class=\"wp-block-list\"><li class=\"\">zur Lieferung von Waren, die nicht vorgefertigt sind und f\u00fcr deren Herstellung eine individuelle Auswahl oder Bestimmung durch den Verbraucher ma\u00dfgeblich ist oder die eindeutig auf die pers\u00f6nlichen Bed\u00fcrfnisse des Verbrauchers zugeschnitten sind,<\/li><li class=\"\">zur Erbringung von Dienstleistungen in den Bereichen Beherbergung zu anderen Zwecken als zu Wohnzwecken, Bef\u00f6rderung von Waren, Kraftfahrzeugvermietung sowie zur Erbringung weiterer Dienstleistungen im Zusammenhang mit Freizeitbet\u00e4tigungen, wenn der Vertrag f\u00fcr die Erbringung einen spezifischen Termin oder Zeitraum vorsieht.<\/li><\/ul>\n\n\n<p><!--EndFragment--><br>\n<br>\n<\/p>","protected":false},"excerpt":{"rendered":"<p>Widerrufsrecht f\u00fcr Verbraucher bei Fernabsatzvertr\u00e4gen (Verbraucher ist jede nat\u00fcrliche Person, die ein Rechtsgesch\u00e4ft zu Zwecken abschlie\u00dft, die \u00fcberwiegend weder Ihrer gewerblichen noch ihrer selbstst\u00e4ndigen beruflichen T\u00e4tigkeit zugerechnet werden k\u00f6nnen.) Widerrufsbelehrung Sie haben das Recht, binnen vierzehn Tagen ohne Angabe von Gr\u00fcnden diesen Vertrag zu widerrufen. Die Widerrufsfrist betr\u00e4gt vierzehn Tage ab dem Tag an dem [&#8230;]\n","protected":false},"author":3,"featured_media":0,"parent":0,"menu_order":0,"comment_status":"closed","ping_status":"closed","template":"","meta":{"footnotes":""},"class_list":["post-1023","page","type-page","status-publish","hentry"],"yoast_head":"<!-- This site is optimized with the Yoast SEO plugin v27.4 - https:\/\/yoast.com\/product\/yoast-seo-wordpress\/ -->\n<title>Return &amp; Revocation - Yachting-Photo | Shop<\/title>\n<meta name=\"robots\" content=\"index, follow, max-snippet:-1, max-image-preview:large, max-video-preview:-1\" \/>\n<link rel=\"canonical\" href=\"https:\/\/yachting-photo.com\/shop\/return-revocation\/\" \/>\n<meta property=\"og:locale\" content=\"de_DE\" \/>\n<meta property=\"og:type\" content=\"article\" \/>\n<meta property=\"og:title\" content=\"Return &amp; Revocation - Yachting-Photo | Shop\" \/>\n<meta property=\"og:description\" content=\"Widerrufsrecht f\u00fcr Verbraucher bei Fernabsatzvertr\u00e4gen (Verbraucher ist jede nat\u00fcrliche Person, die ein Rechtsgesch\u00e4ft zu Zwecken abschlie\u00dft, die \u00fcberwiegend weder Ihrer gewerblichen noch ihrer selbstst\u00e4ndigen beruflichen T\u00e4tigkeit zugerechnet werden k\u00f6nnen.) Widerrufsbelehrung Sie haben das Recht, binnen vierzehn Tagen ohne Angabe von Gr\u00fcnden diesen Vertrag zu widerrufen. Die Widerrufsfrist betr\u00e4gt vierzehn Tage ab dem Tag an dem [...]\" \/>\n<meta property=\"og:url\" content=\"https:\/\/yachting-photo.com\/shop\/return-revocation\/?lang=en\" \/>\n<meta property=\"og:site_name\" content=\"Yachting-Photo | Shop\" \/>\n<meta property=\"article:modified_time\" content=\"2020-01-25T11:02:13+00:00\" \/>\n<meta name=\"twitter:card\" content=\"summary_large_image\" \/>\n<meta name=\"twitter:label1\" content=\"Gesch\u00e4tzte Lesezeit\" \/>\n\t<meta name=\"twitter:data1\" content=\"3\u00a0Minuten\" \/>\n<script type=\"application\/ld+json\" class=\"yoast-schema-graph\">{\"@context\":\"https:\\\/\\\/schema.org\",\"@graph\":[{\"@type\":\"WebPage\",\"@id\":\"https:\\\/\\\/yachting-photo.com\\\/shop\\\/return-revocation\\\/?lang=en\",\"url\":\"https:\\\/\\\/yachting-photo.com\\\/shop\\\/return-revocation\\\/?lang=en\",\"name\":\"Return & Revocation - Yachting-Photo | Shop\",\"isPartOf\":{\"@id\":\"https:\\\/\\\/yachting-photo.com\\\/shop\\\/#website\"},\"datePublished\":\"2020-01-25T11:02:11+00:00\",\"dateModified\":\"2020-01-25T11:02:13+00:00\",\"breadcrumb\":{\"@id\":\"https:\\\/\\\/yachting-photo.com\\\/shop\\\/return-revocation\\\/?lang=en#breadcrumb\"},\"inLanguage\":\"de\",\"potentialAction\":[{\"@type\":\"ReadAction\",\"target\":[\"https:\\\/\\\/yachting-photo.com\\\/shop\\\/return-revocation\\\/?lang=en\"]}]},{\"@type\":\"BreadcrumbList\",\"@id\":\"https:\\\/\\\/yachting-photo.com\\\/shop\\\/return-revocation\\\/?lang=en#breadcrumb\",\"itemListElement\":[{\"@type\":\"ListItem\",\"position\":1,\"name\":\"Startseite\",\"item\":\"https:\\\/\\\/yachting-photo.com\\\/shop\\\/\"},{\"@type\":\"ListItem\",\"position\":2,\"name\":\"Return &#038; Revocation\"}]},{\"@type\":\"WebSite\",\"@id\":\"https:\\\/\\\/yachting-photo.com\\\/shop\\\/#website\",\"url\":\"https:\\\/\\\/yachting-photo.com\\\/shop\\\/\",\"name\":\"Yachting-Photo | Shop\",\"description\":\"Yachting-Photo Shop\",\"potentialAction\":[{\"@type\":\"SearchAction\",\"target\":{\"@type\":\"EntryPoint\",\"urlTemplate\":\"https:\\\/\\\/yachting-photo.com\\\/shop\\\/?s={search_term_string}\"},\"query-input\":{\"@type\":\"PropertyValueSpecification\",\"valueRequired\":true,\"valueName\":\"search_term_string\"}}],\"inLanguage\":\"de\"}]}<\/script>\n<!-- \/ Yoast SEO plugin. -->","yoast_head_json":{"title":"Return & Revocation - Yachting-Photo | Shop","robots":{"index":"index","follow":"follow","max-snippet":"max-snippet:-1","max-image-preview":"max-image-preview:large","max-video-preview":"max-video-preview:-1"},"canonical":"https:\/\/yachting-photo.com\/shop\/return-revocation\/","og_locale":"de_DE","og_type":"article","og_title":"Return & Revocation - Yachting-Photo | Shop","og_description":"Widerrufsrecht f\u00fcr Verbraucher bei Fernabsatzvertr\u00e4gen (Verbraucher ist jede nat\u00fcrliche Person, die ein Rechtsgesch\u00e4ft zu Zwecken abschlie\u00dft, die \u00fcberwiegend weder Ihrer gewerblichen noch ihrer selbstst\u00e4ndigen beruflichen T\u00e4tigkeit zugerechnet werden k\u00f6nnen.) Widerrufsbelehrung Sie haben das Recht, binnen vierzehn Tagen ohne Angabe von Gr\u00fcnden diesen Vertrag zu widerrufen. Die Widerrufsfrist betr\u00e4gt vierzehn Tage ab dem Tag an dem [...]","og_url":"https:\/\/yachting-photo.com\/shop\/return-revocation\/?lang=en","og_site_name":"Yachting-Photo | Shop","article_modified_time":"2020-01-25T11:02:13+00:00","twitter_card":"summary_large_image","twitter_misc":{"Gesch\u00e4tzte Lesezeit":"3\u00a0Minuten"},"schema":{"@context":"https:\/\/schema.org","@graph":[{"@type":"WebPage","@id":"https:\/\/yachting-photo.com\/shop\/return-revocation\/?lang=en","url":"https:\/\/yachting-photo.com\/shop\/return-revocation\/?lang=en","name":"Return & Revocation - Yachting-Photo | Shop","isPartOf":{"@id":"https:\/\/yachting-photo.com\/shop\/#website"},"datePublished":"2020-01-25T11:02:11+00:00","dateModified":"2020-01-25T11:02:13+00:00","breadcrumb":{"@id":"https:\/\/yachting-photo.com\/shop\/return-revocation\/?lang=en#breadcrumb"},"inLanguage":"de","potentialAction":[{"@type":"ReadAction","target":["https:\/\/yachting-photo.com\/shop\/return-revocation\/?lang=en"]}]},{"@type":"BreadcrumbList","@id":"https:\/\/yachting-photo.com\/shop\/return-revocation\/?lang=en#breadcrumb","itemListElement":[{"@type":"ListItem","position":1,"name":"Startseite","item":"https:\/\/yachting-photo.com\/shop\/"},{"@type":"ListItem","position":2,"name":"Return &#038; Revocation"}]},{"@type":"WebSite","@id":"https:\/\/yachting-photo.com\/shop\/#website","url":"https:\/\/yachting-photo.com\/shop\/","name":"Yachting-Photo | Shop","description":"Yachting-Photo Shop","potentialAction":[{"@type":"SearchAction","target":{"@type":"EntryPoint","urlTemplate":"https:\/\/yachting-photo.com\/shop\/?s={search_term_string}"},"query-input":{"@type":"PropertyValueSpecification","valueRequired":true,"valueName":"search_term_string"}}],"inLanguage":"de"}]}},"jetpack_sharing_enabled":true,"_links":{"self":[{"href":"https:\/\/yachting-photo.com\/shop\/wp-json\/wp\/v2\/pages\/1023","targetHints":{"allow":["GET"]}}],"collection":[{"href":"https:\/\/yachting-photo.com\/shop\/wp-json\/wp\/v2\/pages"}],"about":[{"href":"https:\/\/yachting-photo.com\/shop\/wp-json\/wp\/v2\/types\/page"}],"author":[{"embeddable":true,"href":"https:\/\/yachting-photo.com\/shop\/wp-json\/wp\/v2\/users\/3"}],"replies":[{"embeddable":true,"href":"https:\/\/yachting-photo.com\/shop\/wp-json\/wp\/v2\/comments?post=1023"}],"version-history":[{"count":1,"href":"https:\/\/yachting-photo.com\/shop\/wp-json\/wp\/v2\/pages\/1023\/revisions"}],"predecessor-version":[{"id":1024,"href":"https:\/\/yachting-photo.com\/shop\/wp-json\/wp\/v2\/pages\/1023\/revisions\/1024"}],"wp:attachment":[{"href":"https:\/\/yachting-photo.com\/shop\/wp-json\/wp\/v2\/media?parent=1023"}],"curies":[{"name":"wp","href":"https:\/\/api.w.org\/{rel}","templated":true}]}}