{"id":1790,"date":"2023-02-11T18:47:43","date_gmt":"2023-02-11T17:47:43","guid":{"rendered":"https:\/\/yachting-photo.com\/shop\/?post_type=product&#038;p=1790"},"modified":"2026-04-10T19:07:28","modified_gmt":"2026-04-10T17:07:28","slug":"mistral","status":"publish","type":"product","link":"https:\/\/yachting-photo.com\/shop\/produkt\/mistral\/","title":{"rendered":"Mistral"},"content":{"rendered":"<p>Legend\u00e4rer Schoner Shenandoah of Sark (1902).<\/p>\n","protected":false},"excerpt":{"rendered":"<p>Fine Art Print hinter Acryl im ge\u00f6lten Eiche Schattenfugenrahmen<\/p>\n<p>Andere Gr\u00f6\u00dfen auf Anfrage<\/p>\n","protected":false},"featured_media":1800,"template":"","meta":[],"product_brand":[],"product_cat":[111],"product_tag":[351,141,89,142,116,118,117,110,362,87,373,82],"class_list":{"0":"post-1790","1":"product","2":"type-product","3":"status-publish","4":"has-post-thumbnail","6":"product_cat-premiumedition","7":"product_tag-acryl","8":"product_tag-and","9":"product_tag-bild","10":"product_tag-lights","11":"product_tag-premium","12":"product_tag-premium-edition","13":"product_tag-premiumedition","14":"product_tag-schattenfugenrahmen","15":"product_tag-schooner","16":"product_tag-segelschiff","17":"product_tag-shenandoah-of-sark","18":"product_tag-yacht","20":"first","21":"instock","22":"purchasable","23":"product-type-variable","24":"has-default-attributes"},"yoast_head":"<!-- This site is optimized with the Yoast SEO plugin v27.4 - https:\/\/yoast.com\/product\/yoast-seo-wordpress\/ -->\n<title>Mistral - Yachting-Photo | Shop<\/title>\n<meta name=\"robots\" content=\"index, follow, max-snippet:-1, max-image-preview:large, max-video-preview:-1\" \/>\n<link rel=\"canonical\" href=\"https:\/\/yachting-photo.com\/shop\/produkt\/mistral\/\" \/>\n<meta property=\"og:locale\" content=\"de_DE\" \/>\n<meta property=\"og:type\" content=\"article\" \/>\n<meta property=\"og:title\" content=\"Mistral - Yachting-Photo | Shop\" \/>\n<meta property=\"og:description\" content=\"Fine Art Print hinter Acryl im ge\u00f6lten Eiche Schattenfugenrahmen   Andere Gr\u00f6\u00dfen auf Anfrage\" \/>\n<meta property=\"og:url\" content=\"https:\/\/yachting-photo.com\/shop\/produkt\/mistral\/\" \/>\n<meta property=\"og:site_name\" content=\"Yachting-Photo | Shop\" \/>\n<meta property=\"article:modified_time\" content=\"2026-04-10T17:07:28+00:00\" \/>\n<meta property=\"og:image\" content=\"https:\/\/yachting-photo.com\/shop\/wp-content\/uploads\/2023\/02\/IMG_9770-scaled.jpg\" \/>\n\t<meta property=\"og:image:width\" content=\"2560\" \/>\n\t<meta property=\"og:image:height\" content=\"1729\" \/>\n\t<meta property=\"og:image:type\" content=\"image\/jpeg\" \/>\n<meta name=\"twitter:card\" content=\"summary_large_image\" \/>\n<meta name=\"twitter:label1\" content=\"Gesch\u00e4tzte Lesezeit\" \/>\n\t<meta name=\"twitter:data1\" content=\"1\u00a0Minute\" \/>\n<script type=\"application\/ld+json\" class=\"yoast-schema-graph\">{\"@context\":\"https:\\\/\\\/schema.org\",\"@graph\":[{\"@type\":\"WebPage\",\"@id\":\"https:\\\/\\\/yachting-photo.com\\\/shop\\\/produkt\\\/mistral\\\/\",\"url\":\"https:\\\/\\\/yachting-photo.com\\\/shop\\\/produkt\\\/mistral\\\/\",\"name\":\"Mistral - Yachting-Photo | Shop\",\"isPartOf\":{\"@id\":\"https:\\\/\\\/yachting-photo.com\\\/shop\\\/#website\"},\"primaryImageOfPage\":{\"@id\":\"https:\\\/\\\/yachting-photo.com\\\/shop\\\/produkt\\\/mistral\\\/#primaryimage\"},\"image\":{\"@id\":\"https:\\\/\\\/yachting-photo.com\\\/shop\\\/produkt\\\/mistral\\\/#primaryimage\"},\"thumbnailUrl\":\"https:\\\/\\\/yachting-photo.com\\\/shop\\\/wp-content\\\/uploads\\\/2023\\\/02\\\/IMG_9770-scaled.jpg\",\"datePublished\":\"2023-02-11T17:47:43+00:00\",\"dateModified\":\"2026-04-10T17:07:28+00:00\",\"breadcrumb\":{\"@id\":\"https:\\\/\\\/yachting-photo.com\\\/shop\\\/produkt\\\/mistral\\\/#breadcrumb\"},\"inLanguage\":\"de\",\"potentialAction\":[{\"@type\":\"ReadAction\",\"target\":[\"https:\\\/\\\/yachting-photo.com\\\/shop\\\/produkt\\\/mistral\\\/\"]}]},{\"@type\":\"ImageObject\",\"inLanguage\":\"de\",\"@id\":\"https:\\\/\\\/yachting-photo.com\\\/shop\\\/produkt\\\/mistral\\\/#primaryimage\",\"url\":\"https:\\\/\\\/yachting-photo.com\\\/shop\\\/wp-content\\\/uploads\\\/2023\\\/02\\\/IMG_9770-scaled.jpg\",\"contentUrl\":\"https:\\\/\\\/yachting-photo.com\\\/shop\\\/wp-content\\\/uploads\\\/2023\\\/02\\\/IMG_9770-scaled.jpg\",\"width\":2560,\"height\":1729},{\"@type\":\"BreadcrumbList\",\"@id\":\"https:\\\/\\\/yachting-photo.com\\\/shop\\\/produkt\\\/mistral\\\/#breadcrumb\",\"itemListElement\":[{\"@type\":\"ListItem\",\"position\":1,\"name\":\"Startseite\",\"item\":\"https:\\\/\\\/yachting-photo.com\\\/shop\\\/\"},{\"@type\":\"ListItem\",\"position\":2,\"name\":\"Produkte\",\"item\":\"https:\\\/\\\/yachting-photo.com\\\/shop\\\/products\\\/\"},{\"@type\":\"ListItem\",\"position\":3,\"name\":\"Mistral\"}]},{\"@type\":\"WebSite\",\"@id\":\"https:\\\/\\\/yachting-photo.com\\\/shop\\\/#website\",\"url\":\"https:\\\/\\\/yachting-photo.com\\\/shop\\\/\",\"name\":\"Yachting-Photo | Shop\",\"description\":\"Yachting-Photo Shop\",\"potentialAction\":[{\"@type\":\"SearchAction\",\"target\":{\"@type\":\"EntryPoint\",\"urlTemplate\":\"https:\\\/\\\/yachting-photo.com\\\/shop\\\/?s={search_term_string}\"},\"query-input\":{\"@type\":\"PropertyValueSpecification\",\"valueRequired\":true,\"valueName\":\"search_term_string\"}}],\"inLanguage\":\"de\"}]}<\/script>\n<!-- \/ Yoast SEO plugin. -->","yoast_head_json":{"title":"Mistral - Yachting-Photo | Shop","robots":{"index":"index","follow":"follow","max-snippet":"max-snippet:-1","max-image-preview":"max-image-preview:large","max-video-preview":"max-video-preview:-1"},"canonical":"https:\/\/yachting-photo.com\/shop\/produkt\/mistral\/","og_locale":"de_DE","og_type":"article","og_title":"Mistral - Yachting-Photo | Shop","og_description":"Fine Art Print hinter Acryl im ge\u00f6lten Eiche Schattenfugenrahmen   Andere Gr\u00f6\u00dfen auf Anfrage","og_url":"https:\/\/yachting-photo.com\/shop\/produkt\/mistral\/","og_site_name":"Yachting-Photo | Shop","article_modified_time":"2026-04-10T17:07:28+00:00","og_image":[{"width":2560,"height":1729,"url":"https:\/\/yachting-photo.com\/shop\/wp-content\/uploads\/2023\/02\/IMG_9770-scaled.jpg","type":"image\/jpeg"}],"twitter_card":"summary_large_image","twitter_misc":{"Gesch\u00e4tzte Lesezeit":"1\u00a0Minute"},"schema":{"@context":"https:\/\/schema.org","@graph":[{"@type":"WebPage","@id":"https:\/\/yachting-photo.com\/shop\/produkt\/mistral\/","url":"https:\/\/yachting-photo.com\/shop\/produkt\/mistral\/","name":"Mistral - Yachting-Photo | Shop","isPartOf":{"@id":"https:\/\/yachting-photo.com\/shop\/#website"},"primaryImageOfPage":{"@id":"https:\/\/yachting-photo.com\/shop\/produkt\/mistral\/#primaryimage"},"image":{"@id":"https:\/\/yachting-photo.com\/shop\/produkt\/mistral\/#primaryimage"},"thumbnailUrl":"https:\/\/yachting-photo.com\/shop\/wp-content\/uploads\/2023\/02\/IMG_9770-scaled.jpg","datePublished":"2023-02-11T17:47:43+00:00","dateModified":"2026-04-10T17:07:28+00:00","breadcrumb":{"@id":"https:\/\/yachting-photo.com\/shop\/produkt\/mistral\/#breadcrumb"},"inLanguage":"de","potentialAction":[{"@type":"ReadAction","target":["https:\/\/yachting-photo.com\/shop\/produkt\/mistral\/"]}]},{"@type":"ImageObject","inLanguage":"de","@id":"https:\/\/yachting-photo.com\/shop\/produkt\/mistral\/#primaryimage","url":"https:\/\/yachting-photo.com\/shop\/wp-content\/uploads\/2023\/02\/IMG_9770-scaled.jpg","contentUrl":"https:\/\/yachting-photo.com\/shop\/wp-content\/uploads\/2023\/02\/IMG_9770-scaled.jpg","width":2560,"height":1729},{"@type":"BreadcrumbList","@id":"https:\/\/yachting-photo.com\/shop\/produkt\/mistral\/#breadcrumb","itemListElement":[{"@type":"ListItem","position":1,"name":"Startseite","item":"https:\/\/yachting-photo.com\/shop\/"},{"@type":"ListItem","position":2,"name":"Produkte","item":"https:\/\/yachting-photo.com\/shop\/products\/"},{"@type":"ListItem","position":3,"name":"Mistral"}]},{"@type":"WebSite","@id":"https:\/\/yachting-photo.com\/shop\/#website","url":"https:\/\/yachting-photo.com\/shop\/","name":"Yachting-Photo | Shop","description":"Yachting-Photo Shop","potentialAction":[{"@type":"SearchAction","target":{"@type":"EntryPoint","urlTemplate":"https:\/\/yachting-photo.com\/shop\/?s={search_term_string}"},"query-input":{"@type":"PropertyValueSpecification","valueRequired":true,"valueName":"search_term_string"}}],"inLanguage":"de"}]}},"jetpack_sharing_enabled":true,"_links":{"self":[{"href":"https:\/\/yachting-photo.com\/shop\/wp-json\/wp\/v2\/product\/1790","targetHints":{"allow":["GET"]}}],"collection":[{"href":"https:\/\/yachting-photo.com\/shop\/wp-json\/wp\/v2\/product"}],"about":[{"href":"https:\/\/yachting-photo.com\/shop\/wp-json\/wp\/v2\/types\/product"}],"wp:featuredmedia":[{"embeddable":true,"href":"https:\/\/yachting-photo.com\/shop\/wp-json\/wp\/v2\/media\/1800"}],"wp:attachment":[{"href":"https:\/\/yachting-photo.com\/shop\/wp-json\/wp\/v2\/media?parent=1790"}],"wp:term":[{"taxonomy":"product_brand","embeddable":true,"href":"https:\/\/yachting-photo.com\/shop\/wp-json\/wp\/v2\/product_brand?post=1790"},{"taxonomy":"product_cat","embeddable":true,"href":"https:\/\/yachting-photo.com\/shop\/wp-json\/wp\/v2\/product_cat?post=1790"},{"taxonomy":"product_tag","embeddable":true,"href":"https:\/\/yachting-photo.com\/shop\/wp-json\/wp\/v2\/product_tag?post=1790"}],"curies":[{"name":"wp","href":"https:\/\/api.w.org\/{rel}","templated":true}]}}