{"id":699,"date":"2020-01-20T03:37:08","date_gmt":"2020-01-20T02:37:08","guid":{"rendered":"https:\/\/yachting-photo.com\/shop\/?post_type=product&#038;p=699"},"modified":"2026-04-10T20:22:02","modified_gmt":"2026-04-10T18:22:02","slug":"syatlantic-2","status":"publish","type":"product","link":"https:\/\/yachting-photo.com\/shop\/produkt\/syatlantic-2\/","title":{"rendered":"Atlantic"},"content":{"rendered":"<p>Schoner ATLANTIC<br \/>\nFine Art Print gerahmt wei\u00df 20mm mit Pa\u00dfpartout<br \/>\nBildgr\u00f6\u00dfe 60x40cm<\/p>\n<div class=\"\">\n<div class=\"\">Saint Tropez<\/div>\n<div class=\"\">Les Voiles de Tropez<\/div>\n<\/div>\n","protected":false},"excerpt":{"rendered":"<p>Fine Art Print gerahmt wei\u00df 20mm mit Pa\u00dfpartout<br \/>\nBildgr\u00f6\u00dfe 60x40cm<br \/>\nLes Voiles de Tropez<\/p>\n<p>Andere Gr\u00f6\u00dfen \/ Rahmen auf Anfrage<\/p>\n","protected":false},"featured_media":701,"template":"","meta":[],"product_brand":[],"product_cat":[112],"product_tag":[146,179,183,89,145,148,150,147,87,182,178,180,181,149],"class_list":{"0":"post-699","1":"product","2":"type-product","3":"status-publish","4":"has-post-thumbnail","6":"product_cat-gerahmtebilder","7":"product_tag-art","8":"product_tag-atlantic","9":"product_tag-atlantik","10":"product_tag-bild","11":"product_tag-fine","12":"product_tag-gerahmt","13":"product_tag-passpartout","14":"product_tag-print","15":"product_tag-segelschiff","16":"product_tag-si","17":"product_tag-sy","18":"product_tag-sy-atlantic","19":"product_tag-syatlantic","20":"product_tag-weiss","22":"first","23":"instock","24":"purchasable","25":"product-type-variable","26":"has-default-attributes"},"yoast_head":"<!-- This site is optimized with the Yoast SEO plugin v27.4 - https:\/\/yoast.com\/product\/yoast-seo-wordpress\/ -->\n<title>Atlantic - Yachting-Photo | Shop<\/title>\n<meta name=\"robots\" content=\"index, follow, max-snippet:-1, max-image-preview:large, max-video-preview:-1\" \/>\n<link rel=\"canonical\" href=\"https:\/\/yachting-photo.com\/shop\/produkt\/syatlantic-2\/\" \/>\n<meta property=\"og:locale\" content=\"de_DE\" \/>\n<meta property=\"og:type\" content=\"article\" \/>\n<meta property=\"og:title\" content=\"Atlantic - Yachting-Photo | Shop\" \/>\n<meta property=\"og:description\" content=\"Fine Art Print gerahmt wei\u00df 20mm mit Pa\u00dfpartout Bildgr\u00f6\u00dfe 60x40cm Les Voiles de Tropez  Andere Gr\u00f6\u00dfen \/ Rahmen auf Anfrage\" \/>\n<meta property=\"og:url\" content=\"https:\/\/yachting-photo.com\/shop\/produkt\/syatlantic-2\/\" \/>\n<meta property=\"og:site_name\" content=\"Yachting-Photo | Shop\" \/>\n<meta property=\"article:modified_time\" content=\"2026-04-10T18:22:02+00:00\" \/>\n<meta property=\"og:image\" content=\"https:\/\/yachting-photo.com\/shop\/wp-content\/uploads\/2020\/01\/Atlantic_Print_gerahmt_60x40_Endgr\u00f6\u00dfe80X60_Rahmen_wei\u00df.jpg\" \/>\n\t<meta property=\"og:image:width\" content=\"1063\" \/>\n\t<meta property=\"og:image:height\" content=\"709\" \/>\n\t<meta property=\"og:image:type\" content=\"image\/jpeg\" \/>\n<meta name=\"twitter:card\" content=\"summary_large_image\" \/>\n<meta name=\"twitter:label1\" content=\"Gesch\u00e4tzte Lesezeit\" \/>\n\t<meta name=\"twitter:data1\" content=\"1\u00a0Minute\" \/>\n<script type=\"application\/ld+json\" class=\"yoast-schema-graph\">{\"@context\":\"https:\\\/\\\/schema.org\",\"@graph\":[{\"@type\":\"WebPage\",\"@id\":\"https:\\\/\\\/yachting-photo.com\\\/shop\\\/produkt\\\/syatlantic-2\\\/\",\"url\":\"https:\\\/\\\/yachting-photo.com\\\/shop\\\/produkt\\\/syatlantic-2\\\/\",\"name\":\"Atlantic - Yachting-Photo | Shop\",\"isPartOf\":{\"@id\":\"https:\\\/\\\/yachting-photo.com\\\/shop\\\/#website\"},\"primaryImageOfPage\":{\"@id\":\"https:\\\/\\\/yachting-photo.com\\\/shop\\\/produkt\\\/syatlantic-2\\\/#primaryimage\"},\"image\":{\"@id\":\"https:\\\/\\\/yachting-photo.com\\\/shop\\\/produkt\\\/syatlantic-2\\\/#primaryimage\"},\"thumbnailUrl\":\"https:\\\/\\\/yachting-photo.com\\\/shop\\\/wp-content\\\/uploads\\\/2020\\\/01\\\/Atlantic_Print_gerahmt_60x40_Endgr\u00f6\u00dfe80X60_Rahmen_wei\u00df.jpg\",\"datePublished\":\"2020-01-20T02:37:08+00:00\",\"dateModified\":\"2026-04-10T18:22:02+00:00\",\"breadcrumb\":{\"@id\":\"https:\\\/\\\/yachting-photo.com\\\/shop\\\/produkt\\\/syatlantic-2\\\/#breadcrumb\"},\"inLanguage\":\"de\",\"potentialAction\":[{\"@type\":\"ReadAction\",\"target\":[\"https:\\\/\\\/yachting-photo.com\\\/shop\\\/produkt\\\/syatlantic-2\\\/\"]}]},{\"@type\":\"ImageObject\",\"inLanguage\":\"de\",\"@id\":\"https:\\\/\\\/yachting-photo.com\\\/shop\\\/produkt\\\/syatlantic-2\\\/#primaryimage\",\"url\":\"https:\\\/\\\/yachting-photo.com\\\/shop\\\/wp-content\\\/uploads\\\/2020\\\/01\\\/Atlantic_Print_gerahmt_60x40_Endgr\u00f6\u00dfe80X60_Rahmen_wei\u00df.jpg\",\"contentUrl\":\"https:\\\/\\\/yachting-photo.com\\\/shop\\\/wp-content\\\/uploads\\\/2020\\\/01\\\/Atlantic_Print_gerahmt_60x40_Endgr\u00f6\u00dfe80X60_Rahmen_wei\u00df.jpg\",\"width\":1063,\"height\":709},{\"@type\":\"BreadcrumbList\",\"@id\":\"https:\\\/\\\/yachting-photo.com\\\/shop\\\/produkt\\\/syatlantic-2\\\/#breadcrumb\",\"itemListElement\":[{\"@type\":\"ListItem\",\"position\":1,\"name\":\"Startseite\",\"item\":\"https:\\\/\\\/yachting-photo.com\\\/shop\\\/\"},{\"@type\":\"ListItem\",\"position\":2,\"name\":\"Produkte\",\"item\":\"https:\\\/\\\/yachting-photo.com\\\/shop\\\/products\\\/\"},{\"@type\":\"ListItem\",\"position\":3,\"name\":\"Atlantic\"}]},{\"@type\":\"WebSite\",\"@id\":\"https:\\\/\\\/yachting-photo.com\\\/shop\\\/#website\",\"url\":\"https:\\\/\\\/yachting-photo.com\\\/shop\\\/\",\"name\":\"Yachting-Photo | Shop\",\"description\":\"Yachting-Photo Shop\",\"potentialAction\":[{\"@type\":\"SearchAction\",\"target\":{\"@type\":\"EntryPoint\",\"urlTemplate\":\"https:\\\/\\\/yachting-photo.com\\\/shop\\\/?s={search_term_string}\"},\"query-input\":{\"@type\":\"PropertyValueSpecification\",\"valueRequired\":true,\"valueName\":\"search_term_string\"}}],\"inLanguage\":\"de\"}]}<\/script>\n<!-- \/ Yoast SEO plugin. -->","yoast_head_json":{"title":"Atlantic - Yachting-Photo | Shop","robots":{"index":"index","follow":"follow","max-snippet":"max-snippet:-1","max-image-preview":"max-image-preview:large","max-video-preview":"max-video-preview:-1"},"canonical":"https:\/\/yachting-photo.com\/shop\/produkt\/syatlantic-2\/","og_locale":"de_DE","og_type":"article","og_title":"Atlantic - Yachting-Photo | Shop","og_description":"Fine Art Print gerahmt wei\u00df 20mm mit Pa\u00dfpartout Bildgr\u00f6\u00dfe 60x40cm Les Voiles de Tropez  Andere Gr\u00f6\u00dfen \/ Rahmen auf Anfrage","og_url":"https:\/\/yachting-photo.com\/shop\/produkt\/syatlantic-2\/","og_site_name":"Yachting-Photo | Shop","article_modified_time":"2026-04-10T18:22:02+00:00","og_image":[{"width":1063,"height":709,"url":"https:\/\/yachting-photo.com\/shop\/wp-content\/uploads\/2020\/01\/Atlantic_Print_gerahmt_60x40_Endgr\u00f6\u00dfe80X60_Rahmen_wei\u00df.jpg","type":"image\/jpeg"}],"twitter_card":"summary_large_image","twitter_misc":{"Gesch\u00e4tzte Lesezeit":"1\u00a0Minute"},"schema":{"@context":"https:\/\/schema.org","@graph":[{"@type":"WebPage","@id":"https:\/\/yachting-photo.com\/shop\/produkt\/syatlantic-2\/","url":"https:\/\/yachting-photo.com\/shop\/produkt\/syatlantic-2\/","name":"Atlantic - Yachting-Photo | Shop","isPartOf":{"@id":"https:\/\/yachting-photo.com\/shop\/#website"},"primaryImageOfPage":{"@id":"https:\/\/yachting-photo.com\/shop\/produkt\/syatlantic-2\/#primaryimage"},"image":{"@id":"https:\/\/yachting-photo.com\/shop\/produkt\/syatlantic-2\/#primaryimage"},"thumbnailUrl":"https:\/\/yachting-photo.com\/shop\/wp-content\/uploads\/2020\/01\/Atlantic_Print_gerahmt_60x40_Endgr\u00f6\u00dfe80X60_Rahmen_wei\u00df.jpg","datePublished":"2020-01-20T02:37:08+00:00","dateModified":"2026-04-10T18:22:02+00:00","breadcrumb":{"@id":"https:\/\/yachting-photo.com\/shop\/produkt\/syatlantic-2\/#breadcrumb"},"inLanguage":"de","potentialAction":[{"@type":"ReadAction","target":["https:\/\/yachting-photo.com\/shop\/produkt\/syatlantic-2\/"]}]},{"@type":"ImageObject","inLanguage":"de","@id":"https:\/\/yachting-photo.com\/shop\/produkt\/syatlantic-2\/#primaryimage","url":"https:\/\/yachting-photo.com\/shop\/wp-content\/uploads\/2020\/01\/Atlantic_Print_gerahmt_60x40_Endgr\u00f6\u00dfe80X60_Rahmen_wei\u00df.jpg","contentUrl":"https:\/\/yachting-photo.com\/shop\/wp-content\/uploads\/2020\/01\/Atlantic_Print_gerahmt_60x40_Endgr\u00f6\u00dfe80X60_Rahmen_wei\u00df.jpg","width":1063,"height":709},{"@type":"BreadcrumbList","@id":"https:\/\/yachting-photo.com\/shop\/produkt\/syatlantic-2\/#breadcrumb","itemListElement":[{"@type":"ListItem","position":1,"name":"Startseite","item":"https:\/\/yachting-photo.com\/shop\/"},{"@type":"ListItem","position":2,"name":"Produkte","item":"https:\/\/yachting-photo.com\/shop\/products\/"},{"@type":"ListItem","position":3,"name":"Atlantic"}]},{"@type":"WebSite","@id":"https:\/\/yachting-photo.com\/shop\/#website","url":"https:\/\/yachting-photo.com\/shop\/","name":"Yachting-Photo | Shop","description":"Yachting-Photo Shop","potentialAction":[{"@type":"SearchAction","target":{"@type":"EntryPoint","urlTemplate":"https:\/\/yachting-photo.com\/shop\/?s={search_term_string}"},"query-input":{"@type":"PropertyValueSpecification","valueRequired":true,"valueName":"search_term_string"}}],"inLanguage":"de"}]}},"jetpack_sharing_enabled":true,"_links":{"self":[{"href":"https:\/\/yachting-photo.com\/shop\/wp-json\/wp\/v2\/product\/699","targetHints":{"allow":["GET"]}}],"collection":[{"href":"https:\/\/yachting-photo.com\/shop\/wp-json\/wp\/v2\/product"}],"about":[{"href":"https:\/\/yachting-photo.com\/shop\/wp-json\/wp\/v2\/types\/product"}],"wp:featuredmedia":[{"embeddable":true,"href":"https:\/\/yachting-photo.com\/shop\/wp-json\/wp\/v2\/media\/701"}],"wp:attachment":[{"href":"https:\/\/yachting-photo.com\/shop\/wp-json\/wp\/v2\/media?parent=699"}],"wp:term":[{"taxonomy":"product_brand","embeddable":true,"href":"https:\/\/yachting-photo.com\/shop\/wp-json\/wp\/v2\/product_brand?post=699"},{"taxonomy":"product_cat","embeddable":true,"href":"https:\/\/yachting-photo.com\/shop\/wp-json\/wp\/v2\/product_cat?post=699"},{"taxonomy":"product_tag","embeddable":true,"href":"https:\/\/yachting-photo.com\/shop\/wp-json\/wp\/v2\/product_tag?post=699"}],"curies":[{"name":"wp","href":"https:\/\/api.w.org\/{rel}","templated":true}]}}